{"id":2718,"date":"2020-06-02T01:54:58","date_gmt":"2020-06-02T01:54:58","guid":{"rendered":"https:\/\/support.mpsoftwarecmms.com\/?page_id=2718"},"modified":"2024-09-17T10:44:28","modified_gmt":"2024-09-17T16:44:28","slug":"que-es-el-servicio-svisionhosting","status":"publish","type":"page","link":"https:\/\/support.svisioncmms.com\/en_us\/que-es-el-servicio-svisionhosting\/","title":{"rendered":"\u00bfQu\u00e9 es el servicio SVISION Hosting?"},"content":{"rendered":"<div id=\"rowone\"  data-column-margin=\"default\" data-midnight=\"dark\" data-top-percent=\"2%\" data-bottom-percent=\"2%\"  class=\"wpb_row vc_row-fluid vc_row full-width-section standard_section\"  style=\"padding-top: calc(100vw * 0.02); padding-bottom: calc(100vw * 0.02); \"><div class=\"row-bg-wrap\" data-bg-animation=\"none\" data-bg-overlay=\"false\"><div class=\"inner-wrap\"><div class=\"row-bg\"  style=\"\"><\/div><\/div><div class=\"row-bg-overlay\" ><\/div><\/div><div class=\"row_col_wrap_12 col span_12 dark left\">\n\t<div style=\"margin-top: -30px; \" class=\"vc_col-sm-7 wpb_column column_container vc_column_container col neg-marg no-extra-padding inherit_tablet inherit_phone\"  data-t-w-inherits=\"default\" data-bg-cover=\"\" data-padding-pos=\"all\" data-has-bg-color=\"false\" data-bg-color=\"\" data-bg-opacity=\"1\" data-hover-bg=\"\" data-hover-bg-opacity=\"1\" data-animation=\"\" data-delay=\"0\" >\n\t\t<div class=\"vc_column-inner\" ><div class=\"column-bg-overlay-wrap\" data-bg-animation=\"none\"><div class=\"column-bg-overlay\"><\/div><\/div>\n\t\t\t<div class=\"wpb_wrapper\">\n\t\t\t\t\r\n<div class=\"wpb_text_column wpb_content_element\" >\r\n\t<div class=\"wpb_wrapper\">\r\n\t\t<p style=\"margin-bottom: 0; padding-bottom: 0;\"><a href=\"https:\/\/support.svisioncmms.com\/en_us\/\">Home<\/a> \/ <a href=\"https:\/\/support.svisioncmms.com\/en_us\/temario-instalacion-bases-de-datos-y-entorno\/\">About the installation, databases and the environment<\/a><\/p>\n<h2><strong>\u00bfQu\u00e9 es el servicio SVISION Hosting?<\/strong><\/h2>\n\t<\/div>\r\n<\/div>\r\n\r\n\r\n\r\n\n\t\t\t<\/div> \n\t\t<\/div>\n\t<\/div> \n\n\t<div  class=\"vc_col-sm-5 wpb_column column_container vc_column_container col padding-1-percent inherit_tablet inherit_phone\"  data-t-w-inherits=\"default\" data-border-animation=\"\" data-border-animation-delay=\"\" data-border-width=\"2px\" data-border-style=\"solid\" data-border-color=\"#999999\" data-bg-cover=\"\" data-padding-pos=\"all\" data-has-bg-color=\"false\" data-bg-color=\"\" data-bg-opacity=\"1\" data-hover-bg=\"\" data-hover-bg-opacity=\"1\" data-animation=\"\" data-delay=\"0\" >\n\t\t<div class=\"vc_column-inner\" style=\"border: 2px solid rgba(255,255,255,0); \"><span class=\"border-wrap\" style=\"border-color: #999999;\"><span class=\"border-top\"><\/span><span class=\"border-right\"><\/span><span class=\"border-bottom\"><\/span><span class=\"border-left\"><\/span><\/span><div class=\"column-bg-overlay-wrap\" data-bg-animation=\"none\"><div class=\"column-bg-overlay\"><\/div><\/div>\n\t\t\t<div class=\"wpb_wrapper\">\n\t\t\t\t<div id=\"fws_6a04851f99bac\" data-midnight=\"\" data-column-margin=\"default\" class=\"wpb_row vc_row-fluid vc_row inner_row standard_section\"  style=\"padding-top: 0px; padding-bottom: 0px; \"><div class=\"row-bg-wrap\"> <div class=\"row-bg\" ><\/div> <\/div><div class=\"row_col_wrap_12_inner col span_12  left\">\n\t<div  class=\"vc_col-sm-12 wpb_column column_container vc_column_container col child_column no-extra-padding inherit_tablet inherit_phone\"   data-t-w-inherits=\"default\" data-bg-cover=\"\" data-padding-pos=\"all\" data-has-bg-color=\"false\" data-bg-color=\"\" data-bg-opacity=\"1\" data-hover-bg=\"\" data-hover-bg-opacity=\"1\" data-animation=\"\" data-delay=\"0\">\n\t\t<div class=\"vc_column-inner\" ><div class=\"column-bg-overlay-wrap\" data-bg-animation=\"none\"><div class=\"column-bg-overlay\"><\/div><\/div>\n\t\t<div class=\"wpb_wrapper\">\n\t\t\t\r\n<div class=\"wpb_text_column wpb_content_element  temasrelacionados\" >\r\n\t<div class=\"wpb_wrapper\">\r\n\t\t<h4><strong>Related topics<\/strong><\/h4>\n<p><a href=\"https:\/\/support.svisioncmms.com\/en_us\/instalacion-de-la-suite-svision\/\">\u25b8 Installation on PCs or Tablets with Windows<\/a><br \/>\n<a href=\"https:\/\/support.svisioncmms.com\/en_us\/activacion-de-la-licencia-de-uso\/#activaciona\">\u25b8 Activaci\u00f3n de licencia(s) cuando el SVISION se instal\u00f3 en PC\u00b4s o tabletas con Windows<\/a><br \/>\n<a href=\"https:\/\/support.svisioncmms.com\/en_us\/activacion-de-la-licencia-de-uso\/#activacionb\">\u25b8 Entry and activation of license(s) when you make the Hosting service<\/a><br \/>\n<a href=\"https:\/\/support.svisioncmms.com\/en_us\/activacion-de-la-licencia-de-uso\/#activacionc\">\u25b8 Other programs and mobile Apps free to use that do not require license activation<\/a><br \/>\n<a href=\"https:\/\/support.svisioncmms.com\/en_us\/como-actualizar-los-programas-svision\/\">\u25b8 Update procedure of the suite for PCs and Tablets with Windows<\/a><\/p>\n\t<\/div>\r\n<\/div>\r\n\r\n\r\n\r\n\n\t\t<\/div> \n\t<\/div>\n\t<\/div> \n<\/div><\/div>\n\t\t\t<\/div> \n\t\t<\/div>\n\t<\/div> \n<\/div><\/div>\n\t\t<div id=\"instalaciona\"  data-column-margin=\"default\" data-midnight=\"dark\"  class=\"wpb_row vc_row-fluid vc_row standard_section\"  style=\"padding-top: 0px; padding-bottom: 0px; \"><div class=\"row-bg-wrap\" data-bg-animation=\"none\" data-bg-overlay=\"false\"><div class=\"inner-wrap\"><div class=\"row-bg\"  style=\"\"><\/div><\/div><div class=\"row-bg-overlay\" ><\/div><\/div><div class=\"row_col_wrap_12 col span_12 dark left\">\n\t<div  class=\"vc_col-sm-6 wpb_column column_container vc_column_container col no-extra-padding inherit_tablet inherit_phone\"  data-t-w-inherits=\"default\" data-bg-cover=\"\" data-padding-pos=\"all\" data-has-bg-color=\"false\" data-bg-color=\"\" data-bg-opacity=\"1\" data-hover-bg=\"\" data-hover-bg-opacity=\"1\" data-animation=\"\" data-delay=\"0\" >\n\t\t<div class=\"vc_column-inner\" ><div class=\"column-bg-overlay-wrap\" data-bg-animation=\"none\"><div class=\"column-bg-overlay\"><\/div><\/div>\n\t\t\t<div class=\"wpb_wrapper\">\n\t\t\t\t<div class=\"divider-wrap\" data-alignment=\"default\"><div style=\"height: 25px;\" class=\"divider\"><\/div><\/div>\r\n<div class=\"wpb_text_column wpb_content_element\" >\r\n\t<div class=\"wpb_wrapper\">\r\n\t\t<p>SVISION Hosting es un servicio que ofrecemos en forma opcional para el alojamiento de la suite SVISION y tus bases de datos en uno de nuestros servidores en la nube, permiti\u00e9ndote acceder en forma compartida a los programas y a las bases de datos en la nube desde cualquier lugar con acceso a Internet.<\/p>\n<p>En el caso de SVISION Hosting, a diferencia de SVISION Cloud, NO REQUIERES INSTALAR EL PROGRAMA SVISION EN TUS EQUIPOS, ya que el programa se encuentra instalado en la nube y los usuarios lo ejecutan en forma compartida por medio de un escritorio remoto.<\/p>\n<p>Al contratar el servicio SVISION Hosting, el equipo de Soporte de SVISION se encarga de preparar un servidor en la nube exclusivo para tu empresa con un motor de base de datos MySQL debidamente habilitado, adem\u00e1s deja instalado el sistema operativo y los programas de SVISION , a modo que podr\u00e1s acceder a los programas y sus respectivas bases de datos desde cualquier lugar con acceso a Internet y con cualquier dispositivo, ya sea una computadora, tablet, Ipad o cualquier dispositivo m\u00f3vil sin importar el sistema operativo, ya que el programa se ejecuta en el servidor de la nube.<\/p>\n<p>Adem\u00e1s, al contratar este servicio, nuestro personal de soporte se encarga de administrar el servidor en la nube, por lo que no tendr\u00e1s que preocuparte por nada m\u00e1s aparte de la gesti\u00f3n del mantenimiento de tus activos.<\/p>\n\t<\/div>\r\n<\/div>\r\n\r\n\r\n\r\n<div class=\"divider-wrap\" data-alignment=\"default\"><div style=\"height: 25px;\" class=\"divider\"><\/div><\/div>\r\n<div class=\"wpb_text_column wpb_content_element\" >\r\n\t<div class=\"wpb_wrapper\">\r\n\t\t<p>Para mas informacion, visita nuestro sitio de internet y cotiza el servicio HOSTING, visita la p\u00e1gina con todo el detalle dando <a href=\"https:\/\/svisioncmms.com\/es\/hosting\">CLIC AQUI<\/a><\/p>\n\t<\/div>\r\n<\/div>\r\n\r\n\r\n\r\n\n\t\t\t<\/div> \n\t\t<\/div>\n\t<\/div> \n\n\t<div  class=\"vc_col-sm-6 wpb_column column_container vc_column_container col no-extra-padding inherit_tablet inherit_phone\"  data-t-w-inherits=\"default\" data-bg-cover=\"\" data-padding-pos=\"all\" data-has-bg-color=\"false\" data-bg-color=\"\" data-bg-opacity=\"1\" data-hover-bg=\"\" data-hover-bg-opacity=\"1\" data-animation=\"\" data-delay=\"0\" >\n\t\t<div class=\"vc_column-inner\" ><div class=\"column-bg-overlay-wrap\" data-bg-animation=\"none\"><div class=\"column-bg-overlay\"><\/div><\/div>\n\t\t\t<div class=\"wpb_wrapper\">\n\t\t\t\t<div class=\"img-with-aniamtion-wrap\" data-max-width=\"125%\" data-max-width-mobile=\"default\" data-border-radius=\"none\" data-shadow=\"none\" data-animation=\"fade-in\" >\r\n      <div class=\"inner\">\r\n        <div class=\"hover-wrap\" data-hover-animation=\"none\"> \r\n          <div class=\"hover-wrap-inner\">\r\n            <img class=\"img-with-animation skip-lazy\" data-delay=\"0\" height=\"1525\" width=\"2573\" data-animation=\"fade-in\" src=\"https:\/\/support.svisioncmms.com\/wp-content\/uploads\/2024\/02\/HOSTINGSVISION.png\" alt=\"\" srcset=\"https:\/\/support.svisioncmms.com\/wp-content\/uploads\/2024\/02\/HOSTINGSVISION.png 2573w, https:\/\/support.svisioncmms.com\/wp-content\/uploads\/2024\/02\/HOSTINGSVISION-300x178.png 300w, https:\/\/support.svisioncmms.com\/wp-content\/uploads\/2024\/02\/HOSTINGSVISION-1024x607.png 1024w, https:\/\/support.svisioncmms.com\/wp-content\/uploads\/2024\/02\/HOSTINGSVISION-768x455.png 768w, https:\/\/support.svisioncmms.com\/wp-content\/uploads\/2024\/02\/HOSTINGSVISION-1536x910.png 1536w, https:\/\/support.svisioncmms.com\/wp-content\/uploads\/2024\/02\/HOSTINGSVISION-2048x1214.png 2048w, https:\/\/support.svisioncmms.com\/wp-content\/uploads\/2024\/02\/HOSTINGSVISION-18x12.png 18w\" sizes=\"(min-width: 1450px) 75vw, (min-width: 1000px) 85vw, 100vw\" \/>\r\n          <\/div>\r\n        <\/div>\r\n      <\/div>\r\n    <\/div>\n\t\t\t<\/div> \n\t\t<\/div>\n\t<\/div> \n<\/div><\/div>\n\t\t<div id=\"fws_6a04851f9e24e\"  data-column-margin=\"default\" data-midnight=\"light\" data-top-percent=\"5%\" data-bottom-percent=\"5%\"  class=\"wpb_row vc_row-fluid vc_row full-width-section  vc_row-o-equal-height vc_row-flex  vc_row-o-content-middle standard_section linksbottom\"  style=\"padding-top: calc(100vw * 0.05); padding-bottom: calc(100vw * 0.05); \"><div class=\"row-bg-wrap\" data-bg-animation=\"none\" data-bg-overlay=\"true\"><div class=\"inner-wrap\"><div class=\"row-bg using-bg-color\"  style=\"background-color: #4497ea; \"><\/div><\/div><div class=\"row-bg-overlay\" style=\"background-color:#4497ea;  opacity: 0.95; \"><\/div><\/div><div class=\"row_col_wrap_12 col span_12 light left\">\n\t<div  class=\"vc_col-sm-12 wpb_column column_container vc_column_container col no-extra-padding inherit_tablet inherit_phone\"  data-t-w-inherits=\"default\" data-bg-cover=\"\" data-padding-pos=\"all\" data-has-bg-color=\"false\" data-bg-color=\"\" data-bg-opacity=\"1\" data-hover-bg=\"\" data-hover-bg-opacity=\"1\" data-animation=\"\" data-delay=\"0\" >\n\t\t<div class=\"vc_column-inner\" ><div class=\"column-bg-overlay-wrap\" data-bg-animation=\"none\"><div class=\"column-bg-overlay\"><\/div><\/div>\n\t\t\t<div class=\"wpb_wrapper\">\n\t\t\t\t<div id=\"fws_6a04851f9eba7\" data-midnight=\"\" data-column-margin=\"default\" class=\"wpb_row vc_row-fluid vc_row inner_row standard_section\"  style=\"padding-top: 0px; padding-bottom: 0px; \"><div class=\"row-bg-wrap\"> <div class=\"row-bg\" ><\/div> <\/div><div class=\"row_col_wrap_12_inner col span_12  left\">\n\t<div  class=\"vc_col-sm-2 wpb_column column_container vc_column_container col child_column no-extra-padding inherit_tablet inherit_phone\"   data-t-w-inherits=\"default\" data-bg-cover=\"\" data-padding-pos=\"all\" data-has-bg-color=\"false\" data-bg-color=\"\" data-bg-opacity=\"1\" data-hover-bg=\"\" data-hover-bg-opacity=\"1\" data-animation=\"\" data-delay=\"0\">\n\t\t<div class=\"vc_column-inner\" ><div class=\"column-bg-overlay-wrap\" data-bg-animation=\"none\"><div class=\"column-bg-overlay\"><\/div><\/div>\n\t\t<div class=\"wpb_wrapper\">\n\t\t\t\n\t\t<\/div> \n\t<\/div>\n\t<\/div> \n\n\t<div  class=\"vc_col-sm-8 wpb_column column_container vc_column_container col child_column centered-text padding-2-percent inherit_tablet inherit_phone\"   data-t-w-inherits=\"default\" data-bg-cover=\"\" data-padding-pos=\"left-right\" data-has-bg-color=\"false\" data-bg-color=\"\" data-bg-opacity=\"1\" data-hover-bg=\"\" data-hover-bg-opacity=\"1\" data-animation=\"\" data-delay=\"0\">\n\t\t<div class=\"vc_column-inner\" ><div class=\"column-bg-overlay-wrap\" data-bg-animation=\"none\"><div class=\"column-bg-overlay\"><\/div><\/div>\n\t\t<div class=\"wpb_wrapper\">\n\t\t\t\r\n<div class=\"wpb_text_column wpb_content_element\" >\r\n\t<div class=\"wpb_wrapper\">\r\n\t\t<h1>Can&#039;t find the answer to your doubts or questions?<\/h1>\n\t<\/div>\r\n<\/div>\r\n\r\n\r\n\r\n<div class=\"divider-wrap\" data-alignment=\"default\"><div style=\"height: 25px;\" class=\"divider\"><\/div><\/div>\n\t\t<\/div> \n\t<\/div>\n\t<\/div> \n\n\t<div  class=\"vc_col-sm-2 wpb_column column_container vc_column_container col child_column no-extra-padding inherit_tablet inherit_phone\"   data-t-w-inherits=\"default\" data-bg-cover=\"\" data-padding-pos=\"all\" data-has-bg-color=\"false\" data-bg-color=\"\" data-bg-opacity=\"1\" data-hover-bg=\"\" data-hover-bg-opacity=\"1\" data-animation=\"\" data-delay=\"0\">\n\t\t<div class=\"vc_column-inner\" ><div class=\"column-bg-overlay-wrap\" data-bg-animation=\"none\"><div class=\"column-bg-overlay\"><\/div><\/div>\n\t\t<div class=\"wpb_wrapper\">\n\t\t\t\n\t\t<\/div> \n\t<\/div>\n\t<\/div> \n<\/div><\/div>\n\t\t\t<\/div> \n\t\t<\/div>\n\t<\/div> \n<\/div><\/div>\n\t\t<div id=\"fws_6a04851fa04d0\"  data-column-margin=\"default\" data-midnight=\"light\" data-top-percent=\"3%\" data-bottom-percent=\"3%\"  class=\"wpb_row vc_row-fluid vc_row full-width-section standard_section claseesp\"  style=\"padding-top: calc(100vw * 0.03); padding-bottom: calc(100vw * 0.03); \"><div class=\"row-bg-wrap\" data-bg-animation=\"none\" data-bg-overlay=\"true\"><div class=\"inner-wrap\"><div class=\"row-bg using-bg-color\"  style=\"background-color: #000cb5; \"><\/div><\/div><div class=\"row-bg-overlay\" style=\"background-color:#000cb5;  opacity: 0.3; \"><\/div><\/div><div class=\"row_col_wrap_12 col span_12 light left\">\n\t<div  class=\"vc_col-sm-12 wpb_column column_container vc_column_container col no-extra-padding inherit_tablet inherit_phone\"  data-t-w-inherits=\"default\" data-bg-cover=\"\" data-padding-pos=\"all\" data-has-bg-color=\"false\" data-bg-color=\"\" data-bg-opacity=\"1\" data-hover-bg=\"\" data-hover-bg-opacity=\"1\" data-animation=\"\" data-delay=\"0\" >\n\t\t<div class=\"vc_column-inner\" ><div class=\"column-bg-overlay-wrap\" data-bg-animation=\"none\"><div class=\"column-bg-overlay\"><\/div><\/div>\n\t\t\t<div class=\"wpb_wrapper\">\n\t\t\t\t<div id=\"fws_6a04851fa0e4a\" data-midnight=\"\" data-column-margin=\"default\" class=\"wpb_row vc_row-fluid vc_row inner_row standard_section\"  style=\"padding-top: 0px; padding-bottom: 0px; \"><div class=\"row-bg-wrap\"> <div class=\"row-bg\" ><\/div> <\/div><div class=\"row_col_wrap_12_inner col span_12  left\">\n\t<div  class=\"vc_col-sm-8 wpb_column column_container vc_column_container col child_column no-extra-padding inherit_tablet inherit_phone\"   data-t-w-inherits=\"default\" data-bg-cover=\"\" data-padding-pos=\"all\" data-has-bg-color=\"false\" data-bg-color=\"\" data-bg-opacity=\"1\" data-hover-bg=\"\" data-hover-bg-opacity=\"1\" data-animation=\"\" data-delay=\"0\">\n\t\t<div class=\"vc_column-inner\" ><div class=\"column-bg-overlay-wrap\" data-bg-animation=\"none\"><div class=\"column-bg-overlay\"><\/div><\/div>\n\t\t<div class=\"wpb_wrapper\">\n\t\t\t<div class=\"divider-wrap\" data-alignment=\"default\"><div style=\"height: 20px;\" class=\"divider\"><\/div><\/div>\r\n<div class=\"wpb_text_column wpb_content_element\" >\r\n\t<div class=\"wpb_wrapper\">\r\n\t\t<h2><strong>Additionally, we offer training courses<\/strong><\/h2>\n\t<\/div>\r\n<\/div>\r\n\r\n\r\n\r\n<div class=\"divider-wrap\" data-alignment=\"default\"><div style=\"height: 20px;\" class=\"divider\"><\/div><\/div>\r\n<div class=\"wpb_text_column wpb_content_element\" >\r\n\t<div class=\"wpb_wrapper\">\r\n\t\t<p><span lang=\"es\">Our flexible options of online training and face-to-face will provide you with all the knowledge necessary to understand and implement your software maintenance MP.<\/span><\/p>\n\t<\/div>\r\n<\/div>\r\n\r\n\r\n\r\n<div class=\"divider-wrap\" data-alignment=\"default\"><div style=\"height: 20px;\" class=\"divider\"><\/div><\/div>\n\t\t<\/div> \n\t<\/div>\n\t<\/div> \n\n\t<div  class=\"vc_col-sm-4 wpb_column column_container vc_column_container col child_column centered-text no-extra-padding inherit_tablet inherit_phone\"   data-t-w-inherits=\"default\" data-bg-cover=\"\" data-padding-pos=\"all\" data-has-bg-color=\"false\" data-bg-color=\"\" data-bg-opacity=\"1\" data-hover-bg=\"\" data-hover-bg-opacity=\"1\" data-animation=\"\" data-delay=\"0\">\n\t\t<div class=\"vc_column-inner\" ><div class=\"column-bg-overlay-wrap\" data-bg-animation=\"none\"><div class=\"column-bg-overlay\"><\/div><\/div>\n\t\t<div class=\"wpb_wrapper\">\n\t\t\t<div class=\"divider-wrap\" data-alignment=\"default\"><div style=\"height: 20px;\" class=\"divider\"><\/div><\/div><a class=\"nectar-button large see-through-2\"  style=\"\" target=\"_blank\" href=\"https:\/\/svisioncmms.com\/es\/contact\" data-color-override=\"false\"  data-hover-color-override=\"#ffffff\" data-hover-text-color-override=\"#000000\"><span>Contact us<\/span><\/a>\r\n<div class=\"wpb_text_column wpb_content_element\" >\r\n\t<div class=\"wpb_wrapper\">\r\n\t\t<p><br \/>\n<div id=\"myModA\" class=\"modal\"> \r\n    <!-- Modal content -->\r\n    <div class=\"modal-content\"> <span class=\"close\" onclick=\"modalCloseA();\">\u00d7<\/span> <br>\r\n        <!------->\r\n        <h4><strong>Consideration if you are going to use the engine for Firebird database<\/strong><\/h4>\r\n\t\t\t  <br><br>\r\n        <p>No obstante el excelente rendimiento que este motor de bases de datos ofrece, es importante tomar en cuenta que este motor de base de datos s\u00f3lo se recomienda para usuarios que NO vayan a utilizar las aplicaciones m\u00f3viles SMOBILE Solicitudes o SMobile para tecnicos, ya que estas APPs  NO SON COMPATIBLES CON EL MOTOR DE BASES DE DATOS FIREBIRD.<\/p>\r\n        <!-------> \r\n    <\/div>\r\n<\/div><br \/>\n<div id=\"myModB\" class=\"modal\"> \r\n    <!-- Modal content -->\r\n    <div class=\"modal-contentb\"> <span class=\"close\" onclick=\"modalCloseB();\">\u00d7<\/span> <br>\r\n        <!------->\r\n        <h4><strong>Name of the database and its location.<\/strong><\/h4>\r\n\t\t\t  <br><br>\r\n        <p>Regarding the name of the database: The name that you define can&#039;t wear white space, and the number of characters allowed maximum is 25, for example Maintenance Plant 1 instead use Hyphens or underscores this: Mantenimiento_Planta_1, in addition to it is not allowed that the name of your database-carry special characters such as these: \u00a1 &#034; # , $ % &amp; ( \u00bf ) ? } { The reason for this is that there are some rules or policies that the database engines prohibit the use of these characters.<\/p>\r\n\t\t\t\t\t\r\n\t\t\t<p>You&#039;ll have another field of up to 50 characters that will allow a broader description and complete database.<\/p>\r\n\t\t\t<p>Example:<\/p>\r\n\t\t\t<table style=\"width: 100%;\">\r\n<tbody>\r\n<tr>\r\n<td width=\"30%\"><strong>Name of the database<\/strong><\/td>\r\n<td width=\"30%\"><strong>Name of the access to the database<\/strong><\/td>\r\n<td width=\"40%\"><strong>Long description of the database<\/strong><\/td>\r\n<\/tr>\r\n<tr>\r\n<td width=\"30%\">PLANTA_SPEREN_1<\/td>\r\n<td width=\"30%\">ACCESS TO PLANTA_SPEREN_1<\/td>\r\n<td width=\"40%\">PLANT SPEREN PARQUE INDUSTRIAL EXPORTEC II<\/td>\r\n<\/tr>\r\n<tr>\r\n<td width=\"30%\">PLANTA_SPEREN_2<\/td>\r\n<td width=\"30%\">ACCESS TO PLANTA_SPEREN_2<\/td>\r\n<td width=\"40%\">PLANT SPEREN PARQUE INDUSTRIAL HUEHUETOCA<\/td>\r\n<\/tr>\r\n<tr>\r\n<td width=\"30%\">PLANTA_SPEREN_3<\/td>\r\n<td width=\"30%\">ACCESS TO PLANTA_SPEREN_3<\/td>\r\n<td width=\"40%\">PLANT SPEREN INDUSTRIAL PARK JILOTEPEC<\/td>\r\n<\/tr>\r\n<tr>\r\n<td width=\"30%\">HOTEL_Mara_A<\/td>\r\n<td width=\"30%\">ACCESS TO HOTEL_Mara_A<\/td>\r\n<td width=\"40%\">Hotel All Inclusive Mara Place, Cancun, QR<\/td>\r\n<\/tr>\r\n<tr>\r\n<td width=\"30%\">HOTEL_Mara_B<\/td>\r\n<td width=\"30%\">ACCESS TO HOTEL_Mara_B<\/td>\r\n<td width=\"40%\">Gran Executive Hotel Mara Place mexico City, Mexico<\/td>\r\n<\/tr>\r\n<tr>\r\n<td width=\"30%\">HOSPITAL_TRAUMATOLOGIA<\/td>\r\n<td width=\"30%\">ACCESS TO HOSPITAL_TRAUMATOLOGIA<\/td>\r\n<td width=\"40%\">Hospital of Traumatology Loma Verdes, Naucalpan<\/td>\r\n<\/tr>\r\n<tr>\r\n<td width=\"30%\">HOSPITAL_NEUROLOGIA<\/td>\r\n<td width=\"30%\">ACCESS TO HOSPITAL_NEUROLOGIA<\/td>\r\n<td width=\"40%\">National institute of Neurology and Neurosurgery, CDMX<\/td>\r\n<\/tr>\r\n<tr>\r\n<td width=\"30%\">FLOTILLA_1<\/td>\r\n<td width=\"30%\">ACCESS TO FLOTILLA_1<\/td>\r\n<td width=\"40%\">Fleet Cars and trucks SPEREN EXPORTEC II<\/td>\r\n<\/tr>\r\n<\/tbody>\r\n<\/table>\r\n\t\t\t<p>Luego de que has creado tus bases de datos en el MP, estas se alojan en el Servidor de Base de datos que hayas elegido. Por ejemplo, las bases de datos creadas por medio de la opci\u00f3n simplificada se alojan en tu computadora, la ruta en las que puedes encontrarlas es C:\\Windows\\SysWow64. Regularmente son Archivos con la Extension.FDB<\/p>\r\n\t\t\t<p>Las bases de datos creadas en los siguientes tipos de bases de datos: MariaDB, MySQL, SQL-Server, Cloud y Oracle no generan Archivos. La informaci\u00f3n se almacena en m\u00faltiples tablas de esquemas de informaci\u00f3n o en entornos especiales de tu servidor.<\/p>\r\n\t\t\t<p>Regardless of the type of database Server that you manage, we recommend to make backups of your information frequently so that you get a receipt of your information as a preventive measure in case of an emergency, see the section Backup and restore a database.<\/p>\r\n        <!-------> \r\n    <\/div>\r\n<\/div><br \/>\n<div id=\"myModC\" class=\"modal\"> \r\n    <!-- Modal content -->\r\n    <div class=\"modal-contentb\"> <span class=\"close\" onclick=\"modalCloseC();\">\u00d7<\/span> <br>\r\n        <!------->\r\n\t\t<h3><strong>Server IP, user name and password of the database engine<\/strong><\/h3>\r\n\t\t<br><br>\r\n\r\n<p>Today, virtually all companies have at least one IT professional who is responsible for, among many other functions to manage the data and servers of the company. Among their functions include the administration of a database engine, which, for security reasons, has access by means of a user name and a password. If not, any person could enter the network, and provide high-databases, query, modify and even delete confidential information of the company.<\/p>\r\n\r\n<p>For example:<\/p>\r\n<table style=\"width:100%;\">\r\n<tr>\r\n<td width=\"30%\"><strong>DATABASE ENGINE<\/strong><\/td>\r\n<td width=\"40%\"><strong>ADMINISTRATOR USER BY DEFAULT<\/strong><\/td>\r\n<td width=\"30%\"><strong>PASSWORD\r\n<\/strong><strong>(Known only to the manager of IT)<\/strong><\/td>\r\n<\/tr>\r\n<tr>\r\n<td width=\"30%\">MySQL<\/td>\r\n<td width=\"40%\">root<\/td>\r\n<td width=\"30%\">******<\/td>\r\n<\/tr>\r\n<tr>\r\n<td width=\"30%\">Microsoft SQL-Server<\/td>\r\n<td width=\"40%\">sa<\/td>\r\n<td width=\"30%\">******<\/td>\r\n<\/tr>\r\n<tr>\r\n<td width=\"30%\">Oracle<\/td>\r\n<td width=\"40%\">System<\/td>\r\n<td width=\"30%\">******<\/td>\r\n<\/tr>\r\n<tr>\r\n<td width=\"30%\">MariaDB<\/td>\r\n<td width=\"40%\">root<\/td>\r\n<td width=\"30%\">******<\/td>\r\n<\/tr>\r\n<tr>\r\n<td width=\"30%\">Firebird<\/td>\r\n<td width=\"40%\">SYSDBA<\/td>\r\n<td width=\"30%\">******<\/td>\r\n<\/tr>\r\n<\/table>\r\n<p>Al momento de crear una base de datos o una conexi\u00f3n nueva en SVISION, el programa solicita el nombre del servidor o IP en donde se crear\u00e1 o se encuentra la base de datos a la cual deseas conectarte, as\u00ed como un nombre de usuario y su contrase\u00f1a.<\/p>\r\n<h4><em>The username and password that here we ask, are precisely those that allow access to the <\/em><em>database engine <\/em><em>permissions privileges to create the database. <\/em><\/h4>\r\n<br><br>\r\n\t\t\t<img src=\"https:\/\/support.svisioncmms.com\/wp-content\/uploads\/2020\/07\/ingresa-informacion-del-servidor.png\" style=\"width:50%; heigth:auto;\">\r\n<br><br>\r\n<p>Now, the administrator of the database can also create different user accounts to allow access to more people by giving them privileges and permissions custom.<\/p>\r\n\r\n<h4><em>With the aim of not to use the administrator user of IT and its respective password each time that the department of maintenance required to create a database or a connection to an existing database, it is recommended that the IT administrator create a user account specifically for the maintenance department.<\/em><\/h4>\r\n<p>A single user account to the database engine is sufficient for the creation and connection of multiple databases.<\/p>\r\n\r\n<p>The username and password that here is requested, you do not have any relationship with the licenses of use are acquired or the amount of users that can access the database, so that a single user account can be enough, because in this case it refers specifically to the user and password of the database engine.<\/p>\r\n\t\t<!-------> \r\n    <\/div>\r\n<\/div>\n\t<\/div>\r\n<\/div>\r\n\r\n\r\n\r\n\n\t\t<\/div> \n\t<\/div>\n\t<\/div> \n<\/div><\/div>\n\t\t\t<\/div> \n\t\t<\/div>\n\t<\/div> \n<\/div><\/div>","protected":false},"excerpt":{"rendered":"Inicio \/ Acerca de la instalaci\u00f3n, bases de datos y el entorno \u00bfQu\u00e9 es el...","protected":false},"author":11,"featured_media":0,"parent":0,"menu_order":0,"comment_status":"closed","ping_status":"closed","template":"","meta":[],"_links":{"self":[{"href":"https:\/\/support.svisioncmms.com\/en_us\/wp-json\/wp\/v2\/pages\/2718"}],"collection":[{"href":"https:\/\/support.svisioncmms.com\/en_us\/wp-json\/wp\/v2\/pages"}],"about":[{"href":"https:\/\/support.svisioncmms.com\/en_us\/wp-json\/wp\/v2\/types\/page"}],"author":[{"embeddable":true,"href":"https:\/\/support.svisioncmms.com\/en_us\/wp-json\/wp\/v2\/users\/11"}],"replies":[{"embeddable":true,"href":"https:\/\/support.svisioncmms.com\/en_us\/wp-json\/wp\/v2\/comments?post=2718"}],"version-history":[{"count":28,"href":"https:\/\/support.svisioncmms.com\/en_us\/wp-json\/wp\/v2\/pages\/2718\/revisions"}],"predecessor-version":[{"id":7696,"href":"https:\/\/support.svisioncmms.com\/en_us\/wp-json\/wp\/v2\/pages\/2718\/revisions\/7696"}],"wp:attachment":[{"href":"https:\/\/support.svisioncmms.com\/en_us\/wp-json\/wp\/v2\/media?parent=2718"}],"curies":[{"name":"wp","href":"https:\/\/api.w.org\/{rel}","templated":true}]}}