{"id":3241,"date":"2020-07-25T03:37:39","date_gmt":"2020-07-25T03:37:39","guid":{"rendered":"https:\/\/support.mpsoftwarecmms.com\/?page_id=3241"},"modified":"2025-05-21T18:59:45","modified_gmt":"2025-05-22T00:59:45","slug":"guia-de-conexion-con-el-motor-de-bases-de-datos-sql","status":"publish","type":"page","link":"https:\/\/support.svisioncmms.com\/en_us\/guia-de-conexion-con-el-motor-de-bases-de-datos-sql\/","title":{"rendered":"Gu\u00eda de conexi\u00f3n con el motor de bases de datos SQL"},"content":{"rendered":"<div id=\"rowone\"  data-column-margin=\"default\" data-midnight=\"dark\"  class=\"wpb_row vc_row-fluid vc_row standard_section\"  style=\"padding-top: 0px; padding-bottom: 0px; \"><div class=\"row-bg-wrap\" data-bg-animation=\"none\" data-bg-overlay=\"false\"><div class=\"inner-wrap\"><div class=\"row-bg\"  style=\"\"><\/div><\/div><div class=\"row-bg-overlay\" ><\/div><\/div><div class=\"row_col_wrap_12 col span_12 dark left\">\n\t<div style=\"margin-top: -30px; \" class=\"vc_col-sm-12 wpb_column column_container vc_column_container col neg-marg no-extra-padding inherit_tablet inherit_phone\"  data-t-w-inherits=\"default\" data-bg-cover=\"\" data-padding-pos=\"all\" data-has-bg-color=\"false\" data-bg-color=\"\" data-bg-opacity=\"1\" data-hover-bg=\"\" data-hover-bg-opacity=\"1\" data-animation=\"\" data-delay=\"0\" >\n\t\t<div class=\"vc_column-inner\" ><div class=\"column-bg-overlay-wrap\" data-bg-animation=\"none\"><div class=\"column-bg-overlay\"><\/div><\/div>\n\t\t\t<div class=\"wpb_wrapper\">\n\t\t\t\t<div class=\"divider-wrap\" data-alignment=\"default\"><div style=\"height: 35px;\" class=\"divider\"><\/div><\/div><div class=\"iwithtext\"><div class=\"iwt-icon\">  <\/div><div class=\"iwt-text\"> \n<h1><strong>Bases de datos<br \/>\n<\/strong><\/h1>\n <\/div><div class=\"clear\"><\/div><\/div><div class=\"divider-wrap\" data-alignment=\"default\"><div style=\"height: 25px;\" class=\"divider\"><\/div><\/div>\r\n<div class=\"wpb_text_column wpb_content_element\" >\r\n\t<div class=\"wpb_wrapper\">\r\n\t\t<h2><strong>Gu\u00eda de conexi\u00f3n con el motor de bases de datos SQL<\/strong><\/h2>\n\t<\/div>\r\n<\/div>\r\n\r\n\r\n\r\n<div class=\"divider-wrap\" data-alignment=\"default\"><div style=\"height: 60px;\" class=\"divider\"><\/div><\/div><div id=\"fws_6a0494e44ac81\" data-midnight=\"\" data-column-margin=\"default\" class=\"wpb_row vc_row-fluid vc_row inner_row standard_section\"  style=\"padding-top: 0px; padding-bottom: 0px; \"><div class=\"row-bg-wrap\"> <div class=\"row-bg\" ><\/div> <\/div><div class=\"row_col_wrap_12_inner col span_12  left\">\n\t<div  class=\"vc_col-sm-12 wpb_column column_container vc_column_container col child_column no-extra-padding inherit_tablet inherit_phone\"   data-t-w-inherits=\"default\" data-bg-cover=\"\" data-padding-pos=\"all\" data-has-bg-color=\"false\" data-bg-color=\"\" data-bg-opacity=\"1\" data-hover-bg=\"\" data-hover-bg-opacity=\"1\" data-animation=\"\" data-delay=\"0\">\n\t\t<div class=\"vc_column-inner\" ><div class=\"column-bg-overlay-wrap\" data-bg-animation=\"none\"><div class=\"column-bg-overlay\"><\/div><\/div>\n\t\t<div class=\"wpb_wrapper\">\n\t\t\t<a class=\"nectar-button small see-through extra-color-2\"  style=\"\"  href=\"https:\/\/support.svisioncmms.com\/en_us\/creacion-de-bases-de-datos-nuevas\/#ligasbases\" data-color-override=\"false\" data-hover-color-override=\"false\" data-hover-text-color-override=\"#fff\"><span>Regresar a: Creaci\u00f3n de bases de datos nuevas<\/span><\/a>\n\t\t<\/div> \n\t<\/div>\n\t<\/div> \n<\/div><\/div><div class=\"divider-wrap\" data-alignment=\"default\"><div style=\"height: 25px;\" class=\"divider\"><\/div><\/div>\n\t\t\t<\/div> \n\t\t<\/div>\n\t<\/div> \n<\/div><\/div>\n\t\t<div id=\"creacionbases1\"  data-column-margin=\"default\" data-midnight=\"dark\"  class=\"wpb_row vc_row-fluid vc_row standard_section\"  style=\"padding-top: 0px; padding-bottom: 0px; \"><div class=\"row-bg-wrap\" data-bg-animation=\"none\" data-bg-overlay=\"false\"><div class=\"inner-wrap\"><div class=\"row-bg\"  style=\"\"><\/div><\/div><div class=\"row-bg-overlay\" ><\/div><\/div><div class=\"row_col_wrap_12 col span_12 dark left\">\n\t<div  class=\"vc_col-sm-12 wpb_column column_container vc_column_container col no-extra-padding inherit_tablet inherit_phone\"  data-t-w-inherits=\"default\" data-bg-cover=\"\" data-padding-pos=\"all\" data-has-bg-color=\"false\" data-bg-color=\"\" data-bg-opacity=\"1\" data-hover-bg=\"\" data-hover-bg-opacity=\"1\" data-animation=\"\" data-delay=\"0\" >\n\t\t<div class=\"vc_column-inner\" ><div class=\"column-bg-overlay-wrap\" data-bg-animation=\"none\"><div class=\"column-bg-overlay\"><\/div><\/div>\n\t\t\t<div class=\"wpb_wrapper\">\n\t\t\t\t\r\n<div class=\"wpb_text_column wpb_content_element\" >\r\n\t<div class=\"wpb_wrapper\">\r\n\t\t<p>Para el manejo de Base de datos de SQL, es necesario la instalaci\u00f3n de Cliente Native de SQL 2008 para que se pueda tener conexi\u00f3n a las Bases de datos.<\/p>\n<p>En la carpeta de Instalaci\u00f3n de SVISION se encuentra la subcarpeta \\Extras\\Client Native SQL 2008 en donde encontraras la aplicaci\u00f3n para la instalaci\u00f3n de Client Native SQL 2008:<\/p>\n<p>Si el Sistema Operativo es de 64 bits ejecutar: sqlnclix64.msi<\/p>\n<p>En todas las aplicaciones de SVISION, puedes utilizar Servidor de Microsoft SQL Express (versiones de 2016 en adelante), que es una versi\u00f3n gratuita de SQL, para la Administraci\u00f3n de tus bases de datos. Con un solo usuario puedes realizar la conexi\u00f3n a todas tus bases de datos. La \u00fanica diferencia entre la versi\u00f3n SQL Express con una Licencia de Microsoft SQL es que SQL Express tiene una limitante de 10 GB para el almacenamiento de las bases de datos.<\/p>\n\t<\/div>\r\n<\/div>\r\n\r\n\r\n\r\n<div class=\"divider-wrap\" data-alignment=\"default\"><div style=\"height: 60px;\" class=\"divider\"><\/div><\/div><div id=\"fws_6a0494e44e05a\" data-midnight=\"\" data-column-margin=\"default\" class=\"wpb_row vc_row-fluid vc_row inner_row standard_section\"  style=\"padding-top: 0px; padding-bottom: 0px; \"><div class=\"row-bg-wrap\"> <div class=\"row-bg\" ><\/div> <\/div><div class=\"row_col_wrap_12_inner col span_12  left\">\n\t<div  class=\"vc_col-sm-12 wpb_column column_container vc_column_container col child_column no-extra-padding inherit_tablet inherit_phone\"   data-t-w-inherits=\"default\" data-bg-cover=\"\" data-padding-pos=\"all\" data-has-bg-color=\"false\" data-bg-color=\"\" data-bg-opacity=\"1\" data-hover-bg=\"\" data-hover-bg-opacity=\"1\" data-animation=\"\" data-delay=\"0\">\n\t\t<div class=\"vc_column-inner\" ><div class=\"column-bg-overlay-wrap\" data-bg-animation=\"none\"><div class=\"column-bg-overlay\"><\/div><\/div>\n\t\t<div class=\"wpb_wrapper\">\n\t\t\t<a class=\"nectar-button small see-through extra-color-2\"  style=\"\"  href=\"https:\/\/support.svisioncmms.com\/en_us\/creacion-de-bases-de-datos-nuevas\/#ligasbases\" data-color-override=\"false\" data-hover-color-override=\"false\" data-hover-text-color-override=\"#fff\"><span>Regresar a: Creaci\u00f3n de bases de datos nuevas<\/span><\/a>\n\t\t<\/div> \n\t<\/div>\n\t<\/div> \n<\/div><\/div><div class=\"divider-wrap\" data-alignment=\"default\"><div style=\"height: 60px;\" class=\"divider\"><\/div><\/div>\n\t\t\t<\/div> \n\t\t<\/div>\n\t<\/div> \n<\/div><\/div>\n\t\t<div id=\"fws_6a0494e44f421\"  data-column-margin=\"default\" data-midnight=\"light\" data-top-percent=\"5%\" data-bottom-percent=\"5%\"  class=\"wpb_row vc_row-fluid vc_row full-width-section  vc_row-o-equal-height vc_row-flex  vc_row-o-content-middle standard_section\"  style=\"padding-top: calc(100vw * 0.05); padding-bottom: calc(100vw * 0.05); \"><div class=\"row-bg-wrap\" data-bg-animation=\"none\" data-bg-overlay=\"true\"><div class=\"inner-wrap\"><div class=\"row-bg using-bg-color\"  style=\"background-color: #4497ea; \"><\/div><\/div><div class=\"row-bg-overlay\" style=\"background-color:#4497ea;  opacity: 0.95; \"><\/div><\/div><div class=\"row_col_wrap_12 col span_12 light left\">\n\t<div  class=\"vc_col-sm-12 wpb_column column_container vc_column_container col no-extra-padding inherit_tablet inherit_phone\"  data-t-w-inherits=\"default\" data-bg-cover=\"\" data-padding-pos=\"all\" data-has-bg-color=\"false\" data-bg-color=\"\" data-bg-opacity=\"1\" data-hover-bg=\"\" data-hover-bg-opacity=\"1\" data-animation=\"\" data-delay=\"0\" >\n\t\t<div class=\"vc_column-inner\" ><div class=\"column-bg-overlay-wrap\" data-bg-animation=\"none\"><div class=\"column-bg-overlay\"><\/div><\/div>\n\t\t\t<div class=\"wpb_wrapper\">\n\t\t\t\t<div id=\"fws_6a0494e44fede\" data-midnight=\"\" data-column-margin=\"default\" class=\"wpb_row vc_row-fluid vc_row inner_row standard_section\"  style=\"padding-top: 0px; padding-bottom: 0px; \"><div class=\"row-bg-wrap\"> <div class=\"row-bg\" ><\/div> <\/div><div class=\"row_col_wrap_12_inner col span_12  left\">\n\t<div  class=\"vc_col-sm-2 wpb_column column_container vc_column_container col child_column no-extra-padding inherit_tablet inherit_phone\"   data-t-w-inherits=\"default\" data-bg-cover=\"\" data-padding-pos=\"all\" data-has-bg-color=\"false\" data-bg-color=\"\" data-bg-opacity=\"1\" data-hover-bg=\"\" data-hover-bg-opacity=\"1\" data-animation=\"\" data-delay=\"0\">\n\t\t<div class=\"vc_column-inner\" ><div class=\"column-bg-overlay-wrap\" data-bg-animation=\"none\"><div class=\"column-bg-overlay\"><\/div><\/div>\n\t\t<div class=\"wpb_wrapper\">\n\t\t\t\n\t\t<\/div> \n\t<\/div>\n\t<\/div> \n\n\t<div  class=\"vc_col-sm-8 wpb_column column_container vc_column_container col child_column centered-text padding-2-percent inherit_tablet inherit_phone\"   data-t-w-inherits=\"default\" data-bg-cover=\"\" data-padding-pos=\"left-right\" data-has-bg-color=\"false\" data-bg-color=\"\" data-bg-opacity=\"1\" data-hover-bg=\"\" data-hover-bg-opacity=\"1\" data-animation=\"\" data-delay=\"0\">\n\t\t<div class=\"vc_column-inner\" ><div class=\"column-bg-overlay-wrap\" data-bg-animation=\"none\"><div class=\"column-bg-overlay\"><\/div><\/div>\n\t\t<div class=\"wpb_wrapper\">\n\t\t\t\r\n<div class=\"wpb_text_column wpb_content_element\" >\r\n\t<div class=\"wpb_wrapper\">\r\n\t\t<h1>Can&#039;t find the answer to your doubts or questions?<\/h1>\n\t<\/div>\r\n<\/div>\r\n\r\n\r\n\r\n\n\t\t<\/div> \n\t<\/div>\n\t<\/div> \n\n\t<div  class=\"vc_col-sm-2 wpb_column column_container vc_column_container col child_column no-extra-padding inherit_tablet inherit_phone\"   data-t-w-inherits=\"default\" data-bg-cover=\"\" data-padding-pos=\"all\" data-has-bg-color=\"false\" data-bg-color=\"\" data-bg-opacity=\"1\" data-hover-bg=\"\" data-hover-bg-opacity=\"1\" data-animation=\"\" data-delay=\"0\">\n\t\t<div class=\"vc_column-inner\" ><div class=\"column-bg-overlay-wrap\" data-bg-animation=\"none\"><div class=\"column-bg-overlay\"><\/div><\/div>\n\t\t<div class=\"wpb_wrapper\">\n\t\t\t\n\t\t<\/div> \n\t<\/div>\n\t<\/div> \n<\/div><\/div>\n\t\t\t<\/div> \n\t\t<\/div>\n\t<\/div> \n<\/div><\/div>\n\t\t<div id=\"fws_6a0494e451724\"  data-column-margin=\"default\" data-midnight=\"light\" data-top-percent=\"2%\"  class=\"wpb_row vc_row-fluid vc_row full-width-section standard_section\"  style=\"padding-top: calc(100vw * 0.02); padding-bottom: 0px; \"><div class=\"row-bg-wrap\" data-bg-animation=\"none\" data-bg-overlay=\"false\"><div class=\"inner-wrap\"><div class=\"row-bg using-bg-color\"  style=\"background-color: #000cb5; \"><\/div><\/div><div class=\"row-bg-overlay\" ><\/div><\/div><div class=\"row_col_wrap_12 col span_12 light left\">\n\t<div  class=\"vc_col-sm-6 wpb_column column_container vc_column_container col no-extra-padding inherit_tablet inherit_phone\"  data-t-w-inherits=\"default\" data-bg-cover=\"\" data-padding-pos=\"all\" data-has-bg-color=\"false\" data-bg-color=\"\" data-bg-opacity=\"1\" data-hover-bg=\"\" data-hover-bg-opacity=\"1\" data-animation=\"\" data-delay=\"0\" >\n\t\t<div class=\"vc_column-inner\" ><div class=\"column-bg-overlay-wrap\" data-bg-animation=\"none\"><div class=\"column-bg-overlay\"><\/div><\/div>\n\t\t\t<div class=\"wpb_wrapper\">\n\t\t\t\t<div class=\"divider-wrap\" data-alignment=\"default\"><div style=\"height: 25px;\" class=\"divider\"><\/div><\/div>\r\n<div class=\"wpb_text_column wpb_content_element\" >\r\n\t<div class=\"wpb_wrapper\">\r\n\t\t<h2>Additionally, we offer training courses<\/h2>\n\t<\/div>\r\n<\/div>\r\n\r\n\r\n\r\n<div class=\"divider-wrap\" data-alignment=\"default\"><div style=\"height: 25px;\" class=\"divider\"><\/div><\/div>\r\n<div class=\"wpb_text_column wpb_content_element\" >\r\n\t<div class=\"wpb_wrapper\">\r\n\t\t<h4><span lang=\"es\">Our flexible options of online training and face-to-face will provide you with all the knowledge necessary to understand and implement your software maintenance.<\/span><\/h4>\n\t<\/div>\r\n<\/div>\r\n\r\n\r\n\r\n<div class=\"divider-wrap\" data-alignment=\"default\"><div style=\"height: 25px;\" class=\"divider\"><\/div><\/div>\n\t\t\t<\/div> \n\t\t<\/div>\n\t<\/div> \n\n\t<div  class=\"vc_col-sm-6 wpb_column column_container vc_column_container col no-extra-padding inherit_tablet inherit_phone\"  data-t-w-inherits=\"default\" data-bg-cover=\"\" data-padding-pos=\"all\" data-has-bg-color=\"false\" data-bg-color=\"\" data-bg-opacity=\"1\" data-hover-bg=\"\" data-hover-bg-opacity=\"1\" data-animation=\"\" data-delay=\"0\" >\n\t\t<div class=\"vc_column-inner\" ><div class=\"column-bg-overlay-wrap\" data-bg-animation=\"none\"><div class=\"column-bg-overlay\"><\/div><\/div>\n\t\t\t<div class=\"wpb_wrapper\">\n\t\t\t\t<a class=\"nectar-button large see-through-2\"  style=\"\" target=\"_blank\" href=\"https:\/\/svisioncmms.com\/es\/contact\" data-color-override=\"false\" data-hover-color-override=\"false\" data-hover-text-color-override=\"#ffffff\"><span>Contact us<\/span><\/a>\n\t\t\t<\/div> \n\t\t<\/div>\n\t<\/div> \n<\/div><\/div>\n\t\t<div id=\"fws_6a0494e4545b8\"  data-column-margin=\"default\" data-midnight=\"dark\"  class=\"wpb_row vc_row-fluid vc_row standard_section\"  style=\"padding-top: 0px; padding-bottom: 0px; \"><div class=\"row-bg-wrap\" data-bg-animation=\"none\" data-bg-overlay=\"false\"><div class=\"inner-wrap\"><div class=\"row-bg\"  style=\"\"><\/div><\/div><div class=\"row-bg-overlay\" ><\/div><\/div><div class=\"row_col_wrap_12 col span_12 dark left\">\n\t<div  class=\"vc_col-sm-12 wpb_column column_container vc_column_container col no-extra-padding inherit_tablet inherit_phone\"  data-t-w-inherits=\"default\" data-bg-cover=\"\" data-padding-pos=\"all\" data-has-bg-color=\"false\" data-bg-color=\"\" data-bg-opacity=\"1\" data-hover-bg=\"\" data-hover-bg-opacity=\"1\" data-animation=\"\" data-delay=\"0\" >\n\t\t<div class=\"vc_column-inner\" ><div class=\"column-bg-overlay-wrap\" data-bg-animation=\"none\"><div class=\"column-bg-overlay\"><\/div><\/div>\n\t\t\t<div class=\"wpb_wrapper\">\n\t\t\t\t\n\t<div class=\"wpb_raw_code wpb_content_element wpb_raw_html\" >\n\t\t<div class=\"wpb_wrapper\">\n\t\t\t\n<div id=\"myModA\" class=\"modal\"> \r\n    <!-- Modal content -->\r\n    <div class=\"modal-content\"> <span class=\"close\" onclick=\"modalCloseA();\">\u00d7<\/span> <br>\r\n        <!------->\r\n        <h4><strong>Consideration if you are going to use the engine for Firebird database<\/strong><\/h4>\r\n\t\t\t  <br><br>\r\n        <p>No obstante el excelente rendimiento que este motor de bases de datos ofrece, es importante tomar en cuenta que este motor de base de datos s\u00f3lo se recomienda para usuarios que NO vayan a utilizar las aplicaciones m\u00f3viles SMOBILE Solicitudes o SMobile para tecnicos, ya que estas APPs  NO SON COMPATIBLES CON EL MOTOR DE BASES DE DATOS FIREBIRD.<\/p>\r\n        <!-------> \r\n    <\/div>\r\n<\/div>\n<div id=\"myModB\" class=\"modal\"> \r\n    <!-- Modal content -->\r\n    <div class=\"modal-contentb\"> <span class=\"close\" onclick=\"modalCloseB();\">\u00d7<\/span> <br>\r\n        <!------->\r\n        <h4><strong>Name of the database and its location.<\/strong><\/h4>\r\n\t\t\t  <br><br>\r\n        <p>Regarding the name of the database: The name that you define can&#039;t wear white space, and the number of characters allowed maximum is 25, for example Maintenance Plant 1 instead use Hyphens or underscores this: Mantenimiento_Planta_1, in addition to it is not allowed that the name of your database-carry special characters such as these: \u00a1 &#034; # , $ % &amp; ( \u00bf ) ? } { The reason for this is that there are some rules or policies that the database engines prohibit the use of these characters.<\/p>\r\n\t\t\t\t\t\r\n\t\t\t<p>You&#039;ll have another field of up to 50 characters that will allow a broader description and complete database.<\/p>\r\n\t\t\t<p>Example:<\/p>\r\n\t\t\t<table style=\"width: 100%;\">\r\n<tbody>\r\n<tr>\r\n<td width=\"30%\"><strong>Name of the database<\/strong><\/td>\r\n<td width=\"30%\"><strong>Name of the access to the database<\/strong><\/td>\r\n<td width=\"40%\"><strong>Long description of the database<\/strong><\/td>\r\n<\/tr>\r\n<tr>\r\n<td width=\"30%\">PLANTA_SPEREN_1<\/td>\r\n<td width=\"30%\">ACCESS TO PLANTA_SPEREN_1<\/td>\r\n<td width=\"40%\">PLANT SPEREN PARQUE INDUSTRIAL EXPORTEC II<\/td>\r\n<\/tr>\r\n<tr>\r\n<td width=\"30%\">PLANTA_SPEREN_2<\/td>\r\n<td width=\"30%\">ACCESS TO PLANTA_SPEREN_2<\/td>\r\n<td width=\"40%\">PLANT SPEREN PARQUE INDUSTRIAL HUEHUETOCA<\/td>\r\n<\/tr>\r\n<tr>\r\n<td width=\"30%\">PLANTA_SPEREN_3<\/td>\r\n<td width=\"30%\">ACCESS TO PLANTA_SPEREN_3<\/td>\r\n<td width=\"40%\">PLANT SPEREN INDUSTRIAL PARK JILOTEPEC<\/td>\r\n<\/tr>\r\n<tr>\r\n<td width=\"30%\">HOTEL_Mara_A<\/td>\r\n<td width=\"30%\">ACCESS TO HOTEL_Mara_A<\/td>\r\n<td width=\"40%\">Hotel All Inclusive Mara Place, Cancun, QR<\/td>\r\n<\/tr>\r\n<tr>\r\n<td width=\"30%\">HOTEL_Mara_B<\/td>\r\n<td width=\"30%\">ACCESS TO HOTEL_Mara_B<\/td>\r\n<td width=\"40%\">Gran Executive Hotel Mara Place mexico City, Mexico<\/td>\r\n<\/tr>\r\n<tr>\r\n<td width=\"30%\">HOSPITAL_TRAUMATOLOGIA<\/td>\r\n<td width=\"30%\">ACCESS TO HOSPITAL_TRAUMATOLOGIA<\/td>\r\n<td width=\"40%\">Hospital of Traumatology Loma Verdes, Naucalpan<\/td>\r\n<\/tr>\r\n<tr>\r\n<td width=\"30%\">HOSPITAL_NEUROLOGIA<\/td>\r\n<td width=\"30%\">ACCESS TO HOSPITAL_NEUROLOGIA<\/td>\r\n<td width=\"40%\">National institute of Neurology and Neurosurgery, CDMX<\/td>\r\n<\/tr>\r\n<tr>\r\n<td width=\"30%\">FLOTILLA_1<\/td>\r\n<td width=\"30%\">ACCESS TO FLOTILLA_1<\/td>\r\n<td width=\"40%\">Fleet Cars and trucks SPEREN EXPORTEC II<\/td>\r\n<\/tr>\r\n<\/tbody>\r\n<\/table>\r\n\t\t\t<p>Luego de que has creado tus bases de datos en el MP, estas se alojan en el Servidor de Base de datos que hayas elegido. Por ejemplo, las bases de datos creadas por medio de la opci\u00f3n simplificada se alojan en tu computadora, la ruta en las que puedes encontrarlas es C:\\Windows\\SysWow64. Regularmente son Archivos con la Extension.FDB<\/p>\r\n\t\t\t<p>Las bases de datos creadas en los siguientes tipos de bases de datos: MariaDB, MySQL, SQL-Server, Cloud y Oracle no generan Archivos. La informaci\u00f3n se almacena en m\u00faltiples tablas de esquemas de informaci\u00f3n o en entornos especiales de tu servidor.<\/p>\r\n\t\t\t<p>Regardless of the type of database Server that you manage, we recommend to make backups of your information frequently so that you get a receipt of your information as a preventive measure in case of an emergency, see the section Backup and restore a database.<\/p>\r\n        <!-------> \r\n    <\/div>\r\n<\/div>\n\t\t<\/div>\n\t<\/div>\n\n\t\t\t<\/div> \n\t\t<\/div>\n\t<\/div> \n<\/div><\/div>","protected":false},"excerpt":{"rendered":"Bases de datos Gu\u00eda de conexi\u00f3n con el motor de bases de datos SQL Regresar...","protected":false},"author":11,"featured_media":0,"parent":0,"menu_order":0,"comment_status":"closed","ping_status":"closed","template":"","meta":[],"_links":{"self":[{"href":"https:\/\/support.svisioncmms.com\/en_us\/wp-json\/wp\/v2\/pages\/3241"}],"collection":[{"href":"https:\/\/support.svisioncmms.com\/en_us\/wp-json\/wp\/v2\/pages"}],"about":[{"href":"https:\/\/support.svisioncmms.com\/en_us\/wp-json\/wp\/v2\/types\/page"}],"author":[{"embeddable":true,"href":"https:\/\/support.svisioncmms.com\/en_us\/wp-json\/wp\/v2\/users\/11"}],"replies":[{"embeddable":true,"href":"https:\/\/support.svisioncmms.com\/en_us\/wp-json\/wp\/v2\/comments?post=3241"}],"version-history":[{"count":10,"href":"https:\/\/support.svisioncmms.com\/en_us\/wp-json\/wp\/v2\/pages\/3241\/revisions"}],"predecessor-version":[{"id":7828,"href":"https:\/\/support.svisioncmms.com\/en_us\/wp-json\/wp\/v2\/pages\/3241\/revisions\/7828"}],"wp:attachment":[{"href":"https:\/\/support.svisioncmms.com\/en_us\/wp-json\/wp\/v2\/media?parent=3241"}],"curies":[{"name":"wp","href":"https:\/\/api.w.org\/{rel}","templated":true}]}}