{"id":3251,"date":"2020-07-28T01:15:57","date_gmt":"2020-07-28T01:15:57","guid":{"rendered":"https:\/\/support.mpsoftwarecmms.com\/?page_id=3251"},"modified":"2025-05-21T19:24:26","modified_gmt":"2025-05-22T01:24:26","slug":"guia-de-conexion-con-el-motor-de-base-de-datos-oracle","status":"publish","type":"page","link":"https:\/\/support.svisioncmms.com\/en_us\/guia-de-conexion-con-el-motor-de-base-de-datos-oracle\/","title":{"rendered":"Gu\u00eda de Conexi\u00f3n con el Motor de Base de datos ORACLE"},"content":{"rendered":"<div id=\"rowone\"  data-column-margin=\"default\" data-midnight=\"dark\"  class=\"wpb_row vc_row-fluid vc_row standard_section\"  style=\"padding-top: 0px; padding-bottom: 0px; \"><div class=\"row-bg-wrap\" data-bg-animation=\"none\" data-bg-overlay=\"false\"><div class=\"inner-wrap\"><div class=\"row-bg\"  style=\"\"><\/div><\/div><div class=\"row-bg-overlay\" ><\/div><\/div><div class=\"row_col_wrap_12 col span_12 dark left\">\n\t<div style=\"margin-top: -30px; \" class=\"vc_col-sm-12 wpb_column column_container vc_column_container col neg-marg no-extra-padding inherit_tablet inherit_phone\"  data-t-w-inherits=\"default\" data-bg-cover=\"\" data-padding-pos=\"all\" data-has-bg-color=\"false\" data-bg-color=\"\" data-bg-opacity=\"1\" data-hover-bg=\"\" data-hover-bg-opacity=\"1\" data-animation=\"\" data-delay=\"0\" >\n\t\t<div class=\"vc_column-inner\" ><div class=\"column-bg-overlay-wrap\" data-bg-animation=\"none\"><div class=\"column-bg-overlay\"><\/div><\/div>\n\t\t\t<div class=\"wpb_wrapper\">\n\t\t\t\t<div class=\"divider-wrap\" data-alignment=\"default\"><div style=\"height: 35px;\" class=\"divider\"><\/div><\/div><div class=\"iwithtext\"><div class=\"iwt-icon\">  <\/div><div class=\"iwt-text\"> \n<h1><strong>Bases de datos<br \/>\n<\/strong><\/h1>\n <\/div><div class=\"clear\"><\/div><\/div><div class=\"divider-wrap\" data-alignment=\"default\"><div style=\"height: 25px;\" class=\"divider\"><\/div><\/div>\r\n<div class=\"wpb_text_column wpb_content_element\" >\r\n\t<div class=\"wpb_wrapper\">\r\n\t\t<h2><strong>Gu\u00eda de Conexi\u00f3n con el Motor de Base de datos ORACLE<\/strong><\/h2>\n\t<\/div>\r\n<\/div>\r\n\r\n\r\n\r\n<div class=\"divider-wrap\" data-alignment=\"default\"><div style=\"height: 60px;\" class=\"divider\"><\/div><\/div><div id=\"fws_6a04957ae30eb\" data-midnight=\"\" data-column-margin=\"default\" class=\"wpb_row vc_row-fluid vc_row inner_row standard_section\"  style=\"padding-top: 0px; padding-bottom: 0px; \"><div class=\"row-bg-wrap\"> <div class=\"row-bg\" ><\/div> <\/div><div class=\"row_col_wrap_12_inner col span_12  left\">\n\t<div  class=\"vc_col-sm-12 wpb_column column_container vc_column_container col child_column no-extra-padding inherit_tablet inherit_phone\"   data-t-w-inherits=\"default\" data-bg-cover=\"\" data-padding-pos=\"all\" data-has-bg-color=\"false\" data-bg-color=\"\" data-bg-opacity=\"1\" data-hover-bg=\"\" data-hover-bg-opacity=\"1\" data-animation=\"\" data-delay=\"0\">\n\t\t<div class=\"vc_column-inner\" ><div class=\"column-bg-overlay-wrap\" data-bg-animation=\"none\"><div class=\"column-bg-overlay\"><\/div><\/div>\n\t\t<div class=\"wpb_wrapper\">\n\t\t\t<a class=\"nectar-button small see-through extra-color-2\"  style=\"\"  href=\"https:\/\/support.svisioncmms.com\/en_us\/creacion-de-bases-de-datos-nuevas\/#ligasbases\" data-color-override=\"false\" data-hover-color-override=\"false\" data-hover-text-color-override=\"#fff\"><span>Regresar a: Creaci\u00f3n de bases de datos nuevas<\/span><\/a>\n\t\t<\/div> \n\t<\/div>\n\t<\/div> \n<\/div><\/div><div class=\"divider-wrap\" data-alignment=\"default\"><div style=\"height: 25px;\" class=\"divider\"><\/div><\/div>\n\t\t\t<\/div> \n\t\t<\/div>\n\t<\/div> \n<\/div><\/div>\n\t\t<div id=\"creacionbases1\"  data-column-margin=\"default\" data-midnight=\"dark\"  class=\"wpb_row vc_row-fluid vc_row standard_section\"  style=\"padding-top: 0px; padding-bottom: 0px; \"><div class=\"row-bg-wrap\" data-bg-animation=\"none\" data-bg-overlay=\"false\"><div class=\"inner-wrap\"><div class=\"row-bg\"  style=\"\"><\/div><\/div><div class=\"row-bg-overlay\" ><\/div><\/div><div class=\"row_col_wrap_12 col span_12 dark left\">\n\t<div  class=\"vc_col-sm-12 wpb_column column_container vc_column_container col no-extra-padding inherit_tablet inherit_phone\"  data-t-w-inherits=\"default\" data-bg-cover=\"\" data-padding-pos=\"all\" data-has-bg-color=\"false\" data-bg-color=\"\" data-bg-opacity=\"1\" data-hover-bg=\"\" data-hover-bg-opacity=\"1\" data-animation=\"\" data-delay=\"0\" >\n\t\t<div class=\"vc_column-inner\" ><div class=\"column-bg-overlay-wrap\" data-bg-animation=\"none\"><div class=\"column-bg-overlay\"><\/div><\/div>\n\t\t\t<div class=\"wpb_wrapper\">\n\t\t\t\t\r\n<div class=\"wpb_text_column wpb_content_element  enlacesindice\" >\r\n\t<div class=\"wpb_wrapper\">\r\n\t\t<p>Para el manejo de Base de datos de Oracle, es necesario instalar el cliente de la base de datos Oracle 11g en una computadora con SVISION instalado. Debido a los conceptos y tecnicismos utilizados para llevar a cabo este procedimiento, recomendamos que \u00e9ste se realice por personal que cuente con conocimientos sobre instalaci\u00f3n y configuraci\u00f3n de Oracle.<\/p>\n<p>En este procedimiento se detalla la manera de instalar el cliente de la base de datos Oracle 11g, en una computadora con SVISION instalado. Cabe hacer menci\u00f3n que este procedimiento podr\u00eda variar dependiendo la versi\u00f3n del cliente de Oracle, consulte <a href=\"http:\/\/www.oracle.com\/\">http:\/\/www.oracle.com\/<\/a><\/p>\n\t<\/div>\r\n<\/div>\r\n\r\n\r\n\r\n<div class=\"divider-wrap\" data-alignment=\"default\"><div style=\"height: 25px;\" class=\"divider\"><\/div><\/div>\r\n<div class=\"wpb_text_column wpb_content_element\" >\r\n\t<div class=\"wpb_wrapper\">\r\n\t\t<p><strong>NOTA:<\/strong>\u00a0Debido a los conceptos y tecnicismos utilizados, recomendamos que el procedimiento que a continuaci\u00f3n se detalla sea realizado por personal que cuente con conocimientos previos sobre instalaci\u00f3n y configuraci\u00f3n de Oracle.<\/p>\n\t<\/div>\r\n<\/div>\r\n\r\n\r\n\r\n<div class=\"divider-wrap\" data-alignment=\"default\"><div style=\"height: 25px;\" class=\"divider\"><\/div><\/div>\r\n<div class=\"wpb_text_column wpb_content_element\" >\r\n\t<div class=\"wpb_wrapper\">\r\n\t\t<p>Sigue estos pasos:<\/p>\n\t<\/div>\r\n<\/div>\r\n\r\n\r\n\r\n<div class=\"divider-wrap\" data-alignment=\"default\"><div style=\"height: 25px;\" class=\"divider\"><\/div><\/div>\r\n<div class=\"wpb_text_column wpb_content_element  enlacesindice\" >\r\n\t<div class=\"wpb_wrapper\">\r\n\t\t<p>1. Reiniciar el equipo.<\/p>\n<p>2. Descargar el instalador de Oracle (disponible en <a href=\"http:\/\/www.oracle.com\/\">http:\/\/www.oracle.com\/<\/a>).<\/p>\n<p>3. Instalar Oracle en modo Runtime (Tiempo de ejecuci\u00f3n). O si lo desea, en modo Administrador.<\/p>\n<p>4. El puerto 1521 es el que utiliza de forma natural, se debe tener presente este dato ya que alguna medida de seguridad en el Firewall o en el Proxy o en el Antivirus lo pudiera bloquear.<\/p>\n\t<\/div>\r\n<\/div>\r\n\r\n\r\n\r\n<div class=\"divider-wrap\" data-alignment=\"default\"><div style=\"height: 25px;\" class=\"divider\"><\/div><\/div><div class=\"img-with-aniamtion-wrap\" data-max-width=\"50%\" data-max-width-mobile=\"default\" data-border-radius=\"none\" data-shadow=\"none\" data-animation=\"fade-in\" >\r\n      <div class=\"inner\">\r\n        <div class=\"hover-wrap\" data-hover-animation=\"none\"> \r\n          <div class=\"hover-wrap-inner\">\r\n            <img class=\"img-with-animation skip-lazy gris\" data-delay=\"0\" height=\"764\" width=\"970\" data-animation=\"fade-in\" src=\"https:\/\/support.svisioncmms.com\/wp-content\/uploads\/2020\/07\/instalacion-oracle.png\" alt=\"\" srcset=\"https:\/\/support.svisioncmms.com\/wp-content\/uploads\/2020\/07\/instalacion-oracle.png 970w, https:\/\/support.svisioncmms.com\/wp-content\/uploads\/2020\/07\/instalacion-oracle-300x236.png 300w, https:\/\/support.svisioncmms.com\/wp-content\/uploads\/2020\/07\/instalacion-oracle-768x605.png 768w\" sizes=\"(min-width: 1450px) 75vw, (min-width: 1000px) 85vw, 100vw\" \/>\r\n          <\/div>\r\n        <\/div>\r\n      <\/div>\r\n    <\/div><div class=\"divider-wrap\" data-alignment=\"default\"><div style=\"height: 25px;\" class=\"divider\"><\/div><\/div>\r\n<div class=\"wpb_text_column wpb_content_element  enlacesindice\" >\r\n\t<div class=\"wpb_wrapper\">\r\n\t\t<p>5. Configurar el cliente de Oracle mediante el archivo tnsnames.ORA o de preferencia mediante Net Manager.<\/p>\n<p>6. Descargar e instalar los componentes ODAC (disponibles en <a href=\"http:\/\/www.oracle.com\/\">http:\/\/www.oracle.com\/<\/a>).<\/p>\n<ul>\n<li>Para sistemas operativos x64:<br \/>\nInstalar los componentes ODAC para x64<\/li>\n<\/ul>\n<p>7. En el directorio de instalaci\u00f3n de los componentes ODAC crear la carpeta NETWORK\\ADMIN, (Ejemplo: C:\\Oracle\\NETWORK\\ADMIN) y copiar el archivo tnsnames.ora configurado en la instalaci\u00f3n del cliente de Oracle.<\/p>\n<p>Cuando el equipo es de 64 bits debe crearse la carpeta en ambas instalaciones del ODAC y el tnsname.ora copiarse en ambas rutas.<\/p>\n<p>8. Agregar a la variable de ambiente PATH la ruta de la instalaci\u00f3n del ODAC y su carpeta bin mediante la l\u00ednea de comandos CMD de Windows.<\/p>\n<ul>\n<li>Para sistemas operativos x64:<br \/>\nEjemplo: PATH = %PATH% + C:\\Oracle;C:\\Oracle\\bin;C:\\Ora32;C:\\Ora32\\bin<\/li>\n<\/ul>\n\t<\/div>\r\n<\/div>\r\n\r\n\r\n\r\n<div class=\"divider-wrap\" data-alignment=\"default\"><div style=\"height: 25px;\" class=\"divider\"><\/div><\/div><div class=\"img-with-aniamtion-wrap\" data-max-width=\"50%\" data-max-width-mobile=\"default\" data-border-radius=\"none\" data-shadow=\"none\" data-animation=\"fade-in\" >\r\n      <div class=\"inner\">\r\n        <div class=\"hover-wrap\" data-hover-animation=\"none\"> \r\n          <div class=\"hover-wrap-inner\">\r\n            <img class=\"img-with-animation skip-lazy gris\" data-delay=\"0\" height=\"318\" width=\"991\" data-animation=\"fade-in\" src=\"https:\/\/support.svisioncmms.com\/wp-content\/uploads\/2020\/07\/cmd-path1.png\" alt=\"\" srcset=\"https:\/\/support.svisioncmms.com\/wp-content\/uploads\/2020\/07\/cmd-path1.png 991w, https:\/\/support.svisioncmms.com\/wp-content\/uploads\/2020\/07\/cmd-path1-300x96.png 300w, https:\/\/support.svisioncmms.com\/wp-content\/uploads\/2020\/07\/cmd-path1-768x246.png 768w\" sizes=\"(min-width: 1450px) 75vw, (min-width: 1000px) 85vw, 100vw\" \/>\r\n          <\/div>\r\n        <\/div>\r\n      <\/div>\r\n    <\/div><div class=\"divider-wrap\" data-alignment=\"default\"><div style=\"height: 25px;\" class=\"divider\"><\/div><\/div>\r\n<div class=\"wpb_text_column wpb_content_element\" >\r\n\t<div class=\"wpb_wrapper\">\r\n\t\t<ul>\n<li>Para sistemas operativos x86:<br \/>\nEjemplo: PATH = %PATH% + C:\\Oracle;C:\\Oracle\\bin<\/li>\n<\/ul>\n\t<\/div>\r\n<\/div>\r\n\r\n\r\n\r\n<div class=\"divider-wrap\" data-alignment=\"default\"><div style=\"height: 25px;\" class=\"divider\"><\/div><\/div><div class=\"img-with-aniamtion-wrap\" data-max-width=\"50%\" data-max-width-mobile=\"default\" data-border-radius=\"none\" data-shadow=\"none\" data-animation=\"fade-in\" >\r\n      <div class=\"inner\">\r\n        <div class=\"hover-wrap\" data-hover-animation=\"none\"> \r\n          <div class=\"hover-wrap-inner\">\r\n            <img class=\"img-with-animation skip-lazy gris\" data-delay=\"0\" height=\"318\" width=\"991\" data-animation=\"fade-in\" src=\"https:\/\/support.svisioncmms.com\/wp-content\/uploads\/2020\/07\/cmd-path2.png\" alt=\"\" srcset=\"https:\/\/support.svisioncmms.com\/wp-content\/uploads\/2020\/07\/cmd-path2.png 991w, https:\/\/support.svisioncmms.com\/wp-content\/uploads\/2020\/07\/cmd-path2-300x96.png 300w, https:\/\/support.svisioncmms.com\/wp-content\/uploads\/2020\/07\/cmd-path2-768x246.png 768w\" sizes=\"(min-width: 1450px) 75vw, (min-width: 1000px) 85vw, 100vw\" \/>\r\n          <\/div>\r\n        <\/div>\r\n      <\/div>\r\n    <\/div><div class=\"divider-wrap\" data-alignment=\"default\"><div style=\"height: 25px;\" class=\"divider\"><\/div><\/div>\r\n<div class=\"wpb_text_column wpb_content_element\" >\r\n\t<div class=\"wpb_wrapper\">\r\n\t\t<p>Hasta este punto el Cliente de Oracle ha sido instalado y puedes continuar con el proceso que deseas realizar en SVISION.<\/p>\n\t<\/div>\r\n<\/div>\r\n\r\n\r\n\r\n<div class=\"divider-wrap\" data-alignment=\"default\"><div style=\"height: 60px;\" class=\"divider\"><\/div><\/div><div id=\"fws_6a04957ae9948\" data-midnight=\"\" data-column-margin=\"default\" class=\"wpb_row vc_row-fluid vc_row inner_row standard_section\"  style=\"padding-top: 0px; padding-bottom: 0px; \"><div class=\"row-bg-wrap\"> <div class=\"row-bg\" ><\/div> <\/div><div class=\"row_col_wrap_12_inner col span_12  left\">\n\t<div  class=\"vc_col-sm-12 wpb_column column_container vc_column_container col child_column no-extra-padding inherit_tablet inherit_phone\"   data-t-w-inherits=\"default\" data-bg-cover=\"\" data-padding-pos=\"all\" data-has-bg-color=\"false\" data-bg-color=\"\" data-bg-opacity=\"1\" data-hover-bg=\"\" data-hover-bg-opacity=\"1\" data-animation=\"\" data-delay=\"0\">\n\t\t<div class=\"vc_column-inner\" ><div class=\"column-bg-overlay-wrap\" data-bg-animation=\"none\"><div class=\"column-bg-overlay\"><\/div><\/div>\n\t\t<div class=\"wpb_wrapper\">\n\t\t\t<a class=\"nectar-button small see-through extra-color-2\"  style=\"\"  href=\"https:\/\/support.svisioncmms.com\/en_us\/creacion-de-bases-de-datos-nuevas\/#ligasbases\" data-color-override=\"false\" data-hover-color-override=\"false\" data-hover-text-color-override=\"#fff\"><span>Regresar a: Creaci\u00f3n de bases de datos nuevas<\/span><\/a>\n\t\t<\/div> \n\t<\/div>\n\t<\/div> \n<\/div><\/div><div class=\"divider-wrap\" data-alignment=\"default\"><div style=\"height: 60px;\" class=\"divider\"><\/div><\/div>\n\t\t\t<\/div> \n\t\t<\/div>\n\t<\/div> \n<\/div><\/div>\n\t\t<div id=\"fws_6a04957aea745\"  data-column-margin=\"default\" data-midnight=\"light\" data-top-percent=\"5%\" data-bottom-percent=\"5%\"  class=\"wpb_row vc_row-fluid vc_row full-width-section  vc_row-o-equal-height vc_row-flex  vc_row-o-content-middle standard_section\"  style=\"padding-top: calc(100vw * 0.05); padding-bottom: calc(100vw * 0.05); \"><div class=\"row-bg-wrap\" data-bg-animation=\"none\" data-bg-overlay=\"true\"><div class=\"inner-wrap\"><div class=\"row-bg using-bg-color\"  style=\"background-color: #4497ea; \"><\/div><\/div><div class=\"row-bg-overlay\" style=\"background-color:#4497ea;  opacity: 0.95; \"><\/div><\/div><div class=\"row_col_wrap_12 col span_12 light left\">\n\t<div  class=\"vc_col-sm-12 wpb_column column_container vc_column_container col no-extra-padding inherit_tablet inherit_phone\"  data-t-w-inherits=\"default\" data-bg-cover=\"\" data-padding-pos=\"all\" data-has-bg-color=\"false\" data-bg-color=\"\" data-bg-opacity=\"1\" data-hover-bg=\"\" data-hover-bg-opacity=\"1\" data-animation=\"\" data-delay=\"0\" >\n\t\t<div class=\"vc_column-inner\" ><div class=\"column-bg-overlay-wrap\" data-bg-animation=\"none\"><div class=\"column-bg-overlay\"><\/div><\/div>\n\t\t\t<div class=\"wpb_wrapper\">\n\t\t\t\t<div id=\"fws_6a04957aeaebb\" data-midnight=\"\" data-column-margin=\"default\" class=\"wpb_row vc_row-fluid vc_row inner_row standard_section\"  style=\"padding-top: 0px; padding-bottom: 0px; \"><div class=\"row-bg-wrap\"> <div class=\"row-bg\" ><\/div> <\/div><div class=\"row_col_wrap_12_inner col span_12  left\">\n\t<div  class=\"vc_col-sm-2 wpb_column column_container vc_column_container col child_column no-extra-padding inherit_tablet inherit_phone\"   data-t-w-inherits=\"default\" data-bg-cover=\"\" data-padding-pos=\"all\" data-has-bg-color=\"false\" data-bg-color=\"\" data-bg-opacity=\"1\" data-hover-bg=\"\" data-hover-bg-opacity=\"1\" data-animation=\"\" data-delay=\"0\">\n\t\t<div class=\"vc_column-inner\" ><div class=\"column-bg-overlay-wrap\" data-bg-animation=\"none\"><div class=\"column-bg-overlay\"><\/div><\/div>\n\t\t<div class=\"wpb_wrapper\">\n\t\t\t\n\t\t<\/div> \n\t<\/div>\n\t<\/div> \n\n\t<div  class=\"vc_col-sm-8 wpb_column column_container vc_column_container col child_column centered-text padding-2-percent inherit_tablet inherit_phone\"   data-t-w-inherits=\"default\" data-bg-cover=\"\" data-padding-pos=\"left-right\" data-has-bg-color=\"false\" data-bg-color=\"\" data-bg-opacity=\"1\" data-hover-bg=\"\" data-hover-bg-opacity=\"1\" data-animation=\"\" data-delay=\"0\">\n\t\t<div class=\"vc_column-inner\" ><div class=\"column-bg-overlay-wrap\" data-bg-animation=\"none\"><div class=\"column-bg-overlay\"><\/div><\/div>\n\t\t<div class=\"wpb_wrapper\">\n\t\t\t\r\n<div class=\"wpb_text_column wpb_content_element\" >\r\n\t<div class=\"wpb_wrapper\">\r\n\t\t<h1>Can&#039;t find a solution?<\/h1>\n\t<\/div>\r\n<\/div>\r\n\r\n\r\n\r\n<div class=\"divider-wrap\" data-alignment=\"default\"><div style=\"height: 10px;\" class=\"divider\"><\/div><\/div>\r\n<div class=\"wpb_text_column wpb_content_element\" >\r\n\t<div class=\"wpb_wrapper\">\r\n\t\t<p>Al ser un manejador de base de datos AVANZADO, puede contratar un servicio de asesor\u00eda especializado con personal de SVISION, contacte al \u00e1rea de ventas a <a href=\"mailto:sales@qualitysoft.mx\">sales@qualitysoft.mx<\/a><\/p>\n\t<\/div>\r\n<\/div>\r\n\r\n\r\n\r\n\n\t\t<\/div> \n\t<\/div>\n\t<\/div> \n\n\t<div  class=\"vc_col-sm-2 wpb_column column_container vc_column_container col child_column no-extra-padding inherit_tablet inherit_phone\"   data-t-w-inherits=\"default\" data-bg-cover=\"\" data-padding-pos=\"all\" data-has-bg-color=\"false\" data-bg-color=\"\" data-bg-opacity=\"1\" data-hover-bg=\"\" data-hover-bg-opacity=\"1\" data-animation=\"\" data-delay=\"0\">\n\t\t<div class=\"vc_column-inner\" ><div class=\"column-bg-overlay-wrap\" data-bg-animation=\"none\"><div class=\"column-bg-overlay\"><\/div><\/div>\n\t\t<div class=\"wpb_wrapper\">\n\t\t\t\n\t\t<\/div> \n\t<\/div>\n\t<\/div> \n<\/div><\/div>\n\t\t\t<\/div> \n\t\t<\/div>\n\t<\/div> \n<\/div><\/div>\n\t\t<div id=\"fws_6a04957aec5a8\"  data-column-margin=\"default\" data-midnight=\"light\" data-top-percent=\"2%\"  class=\"wpb_row vc_row-fluid vc_row full-width-section standard_section\"  style=\"padding-top: calc(100vw * 0.02); padding-bottom: 0px; \"><div class=\"row-bg-wrap\" data-bg-animation=\"none\" data-bg-overlay=\"false\"><div class=\"inner-wrap\"><div class=\"row-bg using-bg-color\"  style=\"background-color: #f2f2f2; \"><\/div><\/div><div class=\"row-bg-overlay\" ><\/div><\/div><div class=\"nectar-shape-divider-wrap\" style=\" height:80px;\"  data-front=\"\" data-style=\"curve\" data-position=\"top\" ><svg class=\"nectar-shape-divider\" fill=\"#ffffff\" xmlns=\"http:\/\/www.w3.org\/2000\/svg\" viewbox=\"0 0 1000 100\" preserveaspectratio=\"none\"> <path d=\"M 0 0 c 0 0 200 50 500 50 s 500 -50 500 -50 v 101 h -1000 v -100 z\"><\/path> <\/svg><\/div><div class=\"row_col_wrap_12 col span_12 light left\">\n\t<div  class=\"vc_col-sm-12 wpb_column column_container vc_column_container col no-extra-padding inherit_tablet inherit_phone\"  data-t-w-inherits=\"default\" data-bg-cover=\"\" data-padding-pos=\"all\" data-has-bg-color=\"false\" data-bg-color=\"\" data-bg-opacity=\"1\" data-hover-bg=\"\" data-hover-bg-opacity=\"1\" data-animation=\"\" data-delay=\"0\" >\n\t\t<div class=\"vc_column-inner\" ><div class=\"column-bg-overlay-wrap\" data-bg-animation=\"none\"><div class=\"column-bg-overlay\"><\/div><\/div>\n\t\t\t<div class=\"wpb_wrapper\">\n\t\t\t\t\n\t\t\t<\/div> \n\t\t<\/div>\n\t<\/div> \n<\/div><\/div>","protected":false},"excerpt":{"rendered":"Bases de datos Gu\u00eda de Conexi\u00f3n con el Motor de Base de datos ORACLE Regresar...","protected":false},"author":11,"featured_media":0,"parent":0,"menu_order":0,"comment_status":"closed","ping_status":"closed","template":"","meta":[],"_links":{"self":[{"href":"https:\/\/support.svisioncmms.com\/en_us\/wp-json\/wp\/v2\/pages\/3251"}],"collection":[{"href":"https:\/\/support.svisioncmms.com\/en_us\/wp-json\/wp\/v2\/pages"}],"about":[{"href":"https:\/\/support.svisioncmms.com\/en_us\/wp-json\/wp\/v2\/types\/page"}],"author":[{"embeddable":true,"href":"https:\/\/support.svisioncmms.com\/en_us\/wp-json\/wp\/v2\/users\/11"}],"replies":[{"embeddable":true,"href":"https:\/\/support.svisioncmms.com\/en_us\/wp-json\/wp\/v2\/comments?post=3251"}],"version-history":[{"count":9,"href":"https:\/\/support.svisioncmms.com\/en_us\/wp-json\/wp\/v2\/pages\/3251\/revisions"}],"predecessor-version":[{"id":7837,"href":"https:\/\/support.svisioncmms.com\/en_us\/wp-json\/wp\/v2\/pages\/3251\/revisions\/7837"}],"wp:attachment":[{"href":"https:\/\/support.svisioncmms.com\/en_us\/wp-json\/wp\/v2\/media?parent=3251"}],"curies":[{"name":"wp","href":"https:\/\/api.w.org\/{rel}","templated":true}]}}